{"id":40,"date":"2020-02-23T20:51:36","date_gmt":"2020-02-23T20:51:36","guid":{"rendered":"http:\/\/hirtenknab.de\/?page_id=40"},"modified":"2023-10-08T10:59:37","modified_gmt":"2023-10-08T10:59:37","slug":"das-sind-wir","status":"publish","type":"page","link":"http:\/\/hirtenknab.de\/?page_id=40","title":{"rendered":"Das sind Wir"},"content":{"rendered":"\r\n<p>Wir, das sind Thomas Strobel und Markus Beschorner. In unseren Weinen steckt jede Menge Leidenschaft drin. Alles Handarbeit, Steillage und immer mit Blick auf die einzigartige Kulturlandschaft am Hirschauer Berg.<\/p>\r\n\r\n\r\n\r\n<p>&nbsp;<\/p>\r\n\r\n\r\n\r\n<figure class=\"wp-block-image\"><img loading=\"lazy\" width=\"1024\" height=\"576\" class=\"wp-image-87\" src=\"http:\/\/hirtenknab.de\/wp-content\/uploads\/2020\/02\/IMG_7176-1-1024x576.jpg\" alt=\"\" srcset=\"http:\/\/hirtenknab.de\/wp-content\/uploads\/2020\/02\/IMG_7176-1-1024x576.jpg 1024w, http:\/\/hirtenknab.de\/wp-content\/uploads\/2020\/02\/IMG_7176-1-300x169.jpg 300w, http:\/\/hirtenknab.de\/wp-content\/uploads\/2020\/02\/IMG_7176-1-768x432.jpg 768w\" sizes=\"(max-width: 767px) 89vw, (max-width: 1000px) 54vw, (max-width: 1071px) 543px, 580px\" \/><\/figure>\r\n\r\n\r\n\r\n<p>Aktuell bewirtschaften wir vier Weinberge am Hirschauer Kapellenberg. Wir achten auf m\u00f6glichst sanfte \u00a0und \u00f6kologisch verantwortlichen Pflege- und Spritzeins\u00e4tze, gr\u00fcne Zwischenzeilen, und zukunftsf\u00e4hige Konzepte f\u00fcr den Weinbau in der Region. Wir zeigen hier am Berg und unten im Keller, dass auch kleine, mit der Hand arbeitende Wengerter tolle Weine produzieren k\u00f6nnen &#8230;<\/p>\r\n","protected":false},"excerpt":{"rendered":"<p>Wir, das sind Thomas Strobel und Markus Beschorner. In unseren Weinen steckt jede Menge Leidenschaft drin. Alles Handarbeit, Steillage und immer mit Blick auf die einzigartige Kulturlandschaft am Hirschauer Berg. &nbsp; Aktuell bewirtschaften wir vier Weinberge am Hirschauer Kapellenberg. Wir achten auf m\u00f6glichst sanfte \u00a0und \u00f6kologisch verantwortlichen Pflege- und Spritzeins\u00e4tze, gr\u00fcne Zwischenzeilen, und zukunftsf\u00e4hige Konzepte &hellip; <\/p>\n<p class=\"link-more\"><a href=\"http:\/\/hirtenknab.de\/?page_id=40\" class=\"more-link\"><span class=\"screen-reader-text\">\u201eDas sind Wir\u201c<\/span> weiterlesen<\/a><\/p>\n","protected":false},"author":1,"featured_media":0,"parent":0,"menu_order":0,"comment_status":"closed","ping_status":"closed","template":"","meta":[],"_links":{"self":[{"href":"http:\/\/hirtenknab.de\/index.php?rest_route=\/wp\/v2\/pages\/40"}],"collection":[{"href":"http:\/\/hirtenknab.de\/index.php?rest_route=\/wp\/v2\/pages"}],"about":[{"href":"http:\/\/hirtenknab.de\/index.php?rest_route=\/wp\/v2\/types\/page"}],"author":[{"embeddable":true,"href":"http:\/\/hirtenknab.de\/index.php?rest_route=\/wp\/v2\/users\/1"}],"replies":[{"embeddable":true,"href":"http:\/\/hirtenknab.de\/index.php?rest_route=%2Fwp%2Fv2%2Fcomments&post=40"}],"version-history":[{"count":5,"href":"http:\/\/hirtenknab.de\/index.php?rest_route=\/wp\/v2\/pages\/40\/revisions"}],"predecessor-version":[{"id":265,"href":"http:\/\/hirtenknab.de\/index.php?rest_route=\/wp\/v2\/pages\/40\/revisions\/265"}],"wp:attachment":[{"href":"http:\/\/hirtenknab.de\/index.php?rest_route=%2Fwp%2Fv2%2Fmedia&parent=40"}],"curies":[{"name":"wp","href":"https:\/\/api.w.org\/{rel}","templated":true}]}}