{"id":103,"date":"2020-02-23T21:14:16","date_gmt":"2020-02-23T21:14:16","guid":{"rendered":"http:\/\/hirtenknab.de\/?page_id=103"},"modified":"2020-02-23T21:14:16","modified_gmt":"2020-02-23T21:14:16","slug":"unsere-weine","status":"publish","type":"page","link":"http:\/\/hirtenknab.de\/?page_id=103","title":{"rendered":"Unsere Weine"},"content":{"rendered":"\n<p>Bestockt sind unsere Weinberge am Hirschauer Kapellenberg zum gr\u00f6\u00dften Teil mit alten Reben der Rotweinsorten Sp\u00e4tburgunder und Schwarzriesling. Unseren Wei\u00dfwein keltern wir aus Trauben von rund 40 Jahre alten Kerner und M\u00fcller-Thurgau Reben.<\/p>\n\n\n\n<p>Neu gepflanzt haben wir Scheurebe und die pilzwiderstandsf\u00e4hige Sorte Souvignier Gris. <\/p>\n\n\n\n<ul class=\"wp-block-gallery columns-1 is-cropped\"><li class=\"blocks-gallery-item\"><figure><img loading=\"lazy\" width=\"1024\" height=\"727\" src=\"http:\/\/hirtenknab.de\/wp-content\/uploads\/2020\/02\/Flaschen-1024x727.jpg\" alt=\"\" data-id=\"104\" data-link=\"http:\/\/hirtenknab.de\/?attachment_id=104\" class=\"wp-image-104\" srcset=\"http:\/\/hirtenknab.de\/wp-content\/uploads\/2020\/02\/Flaschen-1024x727.jpg 1024w, http:\/\/hirtenknab.de\/wp-content\/uploads\/2020\/02\/Flaschen-300x213.jpg 300w, http:\/\/hirtenknab.de\/wp-content\/uploads\/2020\/02\/Flaschen-768x545.jpg 768w\" sizes=\"(max-width: 767px) 89vw, (max-width: 1000px) 54vw, (max-width: 1071px) 543px, 580px\" \/><\/figure><\/li><\/ul>\n","protected":false},"excerpt":{"rendered":"<p>Bestockt sind unsere Weinberge am Hirschauer Kapellenberg zum gr\u00f6\u00dften Teil mit alten Reben der Rotweinsorten Sp\u00e4tburgunder und Schwarzriesling. Unseren Wei\u00dfwein keltern wir aus Trauben von rund 40 Jahre alten Kerner und M\u00fcller-Thurgau Reben. Neu gepflanzt haben wir Scheurebe und die pilzwiderstandsf\u00e4hige Sorte Souvignier Gris.<\/p>\n","protected":false},"author":1,"featured_media":0,"parent":0,"menu_order":0,"comment_status":"closed","ping_status":"closed","template":"","meta":[],"_links":{"self":[{"href":"http:\/\/hirtenknab.de\/index.php?rest_route=\/wp\/v2\/pages\/103"}],"collection":[{"href":"http:\/\/hirtenknab.de\/index.php?rest_route=\/wp\/v2\/pages"}],"about":[{"href":"http:\/\/hirtenknab.de\/index.php?rest_route=\/wp\/v2\/types\/page"}],"author":[{"embeddable":true,"href":"http:\/\/hirtenknab.de\/index.php?rest_route=\/wp\/v2\/users\/1"}],"replies":[{"embeddable":true,"href":"http:\/\/hirtenknab.de\/index.php?rest_route=%2Fwp%2Fv2%2Fcomments&post=103"}],"version-history":[{"count":1,"href":"http:\/\/hirtenknab.de\/index.php?rest_route=\/wp\/v2\/pages\/103\/revisions"}],"predecessor-version":[{"id":107,"href":"http:\/\/hirtenknab.de\/index.php?rest_route=\/wp\/v2\/pages\/103\/revisions\/107"}],"wp:attachment":[{"href":"http:\/\/hirtenknab.de\/index.php?rest_route=%2Fwp%2Fv2%2Fmedia&parent=103"}],"curies":[{"name":"wp","href":"https:\/\/api.w.org\/{rel}","templated":true}]}}